{"id":107,"date":"2023-02-16T08:42:55","date_gmt":"2023-02-16T08:42:55","guid":{"rendered":"https:\/\/dunav.ro\/?page_id=107"},"modified":"2024-04-04T11:06:25","modified_gmt":"2024-04-04T11:06:25","slug":"despre-noi","status":"publish","type":"page","link":"https:\/\/dunav.ro\/?page_id=107","title":{"rendered":"Despre Noi"},"content":{"rendered":"\t\t<div data-elementor-type=\"wp-page\" data-elementor-id=\"107\" class=\"elementor elementor-107\">\n\t\t\t\t\t\t<section class=\"elementor-section elementor-top-section elementor-element elementor-element-4d0fc954 elementor-section-content-middle elementor-section-height-min-height elementor-section-boxed elementor-section-height-default elementor-section-items-middle\" data-id=\"4d0fc954\" data-element_type=\"section\" data-settings=\"{&quot;background_background&quot;:&quot;slideshow&quot;,&quot;background_slideshow_gallery&quot;:[{&quot;id&quot;:440,&quot;url&quot;:&quot;https:\\\/\\\/dunav.ro\\\/wp-content\\\/uploads\\\/2023\\\/04\\\/s4.jpg&quot;}],&quot;background_slideshow_ken_burns&quot;:&quot;yes&quot;,&quot;background_slideshow_loop&quot;:&quot;yes&quot;,&quot;background_slideshow_slide_duration&quot;:5000,&quot;background_slideshow_slide_transition&quot;:&quot;fade&quot;,&quot;background_slideshow_transition_duration&quot;:500,&quot;background_slideshow_ken_burns_zoom_direction&quot;:&quot;in&quot;}\">\n\t\t\t\t\t\t\t<div class=\"elementor-background-overlay\"><\/div>\n\t\t\t\t\t\t\t<div class=\"elementor-container elementor-column-gap-default\">\n\t\t\t\t\t<div class=\"elementor-column elementor-col-100 elementor-top-column elementor-element elementor-element-37c8c94d\" data-id=\"37c8c94d\" data-element_type=\"column\">\n\t\t\t<div class=\"elementor-widget-wrap elementor-element-populated\">\n\t\t\t\t\t\t<div class=\"elementor-element elementor-element-70a610bb elementor-widget elementor-widget-heading\" data-id=\"70a610bb\" data-element_type=\"widget\" data-widget_type=\"heading.default\">\n\t\t\t\t<div class=\"elementor-widget-container\">\n\t\t\t<style>\/*! elementor - v3.20.0 - 26-03-2024 *\/\n.elementor-heading-title{padding:0;margin:0;line-height:1}.elementor-widget-heading .elementor-heading-title[class*=elementor-size-]>a{color:inherit;font-size:inherit;line-height:inherit}.elementor-widget-heading .elementor-heading-title.elementor-size-small{font-size:15px}.elementor-widget-heading .elementor-heading-title.elementor-size-medium{font-size:19px}.elementor-widget-heading .elementor-heading-title.elementor-size-large{font-size:29px}.elementor-widget-heading .elementor-heading-title.elementor-size-xl{font-size:39px}.elementor-widget-heading .elementor-heading-title.elementor-size-xxl{font-size:59px}<\/style><h6 class=\"elementor-heading-title elementor-size-default\">DUNAV <\/h6>\t\t<\/div>\n\t\t\t\t<\/div>\n\t\t\t\t\t<\/div>\n\t\t<\/div>\n\t\t\t\t\t<\/div>\n\t\t<\/section>\n\t\t\t\t<section class=\"elementor-section elementor-top-section elementor-element elementor-element-7c46f50 elementor-section-boxed elementor-section-height-default elementor-section-height-default\" data-id=\"7c46f50\" data-element_type=\"section\" data-settings=\"{&quot;background_background&quot;:&quot;classic&quot;}\">\n\t\t\t\t\t\t\t<div class=\"elementor-background-overlay\"><\/div>\n\t\t\t\t\t\t\t<div class=\"elementor-container elementor-column-gap-default\">\n\t\t\t\t\t<div class=\"elementor-column elementor-col-50 elementor-top-column elementor-element elementor-element-5213f8a2 elementor-invisible\" data-id=\"5213f8a2\" data-element_type=\"column\" data-settings=\"{&quot;animation&quot;:&quot;fadeInLeft&quot;}\">\n\t\t\t<div class=\"elementor-widget-wrap elementor-element-populated\">\n\t\t\t\t\t\t<div class=\"elementor-element elementor-element-1c139e0e elementor-widget elementor-widget-heading\" data-id=\"1c139e0e\" data-element_type=\"widget\" data-widget_type=\"heading.default\">\n\t\t\t\t<div class=\"elementor-widget-container\">\n\t\t\t<h6 class=\"elementor-heading-title elementor-size-default\">Despre noi<\/h6>\t\t<\/div>\n\t\t\t\t<\/div>\n\t\t\t\t<div class=\"elementor-element elementor-element-f9a608e elementor-widget elementor-widget-text-editor\" data-id=\"f9a608e\" data-element_type=\"widget\" data-widget_type=\"text-editor.default\">\n\t\t\t\t<div class=\"elementor-widget-container\">\n\t\t\t<style>\/*! elementor - v3.20.0 - 26-03-2024 *\/\n.elementor-widget-text-editor.elementor-drop-cap-view-stacked .elementor-drop-cap{background-color:#69727d;color:#fff}.elementor-widget-text-editor.elementor-drop-cap-view-framed .elementor-drop-cap{color:#69727d;border:3px solid;background-color:transparent}.elementor-widget-text-editor:not(.elementor-drop-cap-view-default) .elementor-drop-cap{margin-top:8px}.elementor-widget-text-editor:not(.elementor-drop-cap-view-default) .elementor-drop-cap-letter{width:1em;height:1em}.elementor-widget-text-editor .elementor-drop-cap{float:left;text-align:center;line-height:1;font-size:50px}.elementor-widget-text-editor .elementor-drop-cap-letter{display:inline-block}<\/style>\t\t\t\t<p>Fondat\u0103 \u00een anul 1994, DUNAV Srl este o companie cu capital integral privat, ce activeaz\u0103 \u00een domeniul constructiilor de nave si structuri plutitoare. \u00cen decursul anilor, compania \u0219i-a concentrat aten\u021bia asupra investi\u021biilor continue \u00een tehnologie, ceea ce a dus la o dezvoltare semnificativ\u0103 a capacit\u0103\u021bilor sale tehnice. Ast\u0103zi, DUNAV Srl se bucur\u0103 de o dotare tehnologic\u0103 modern\u0103 \u0219i performant\u0103, ce \u00eei confer\u0103 autonomie \u00een domeniul repar\u0103rii \u0219i construc\u021biei de nave si structuri plutitoare , dar \u0219i capacit\u0103\u021bi remarcabile de a produce confec\u021bii metalice de orice dimensiuni.<\/p><p>\u00a0<\/p><p>Angajamentul constant pentru \u00eembun\u0103t\u0103\u021birea continu\u0103 a serviciilor oferite \u0219i a proceselor interne, precum \u0219i dorin\u021ba de a r\u0103spunde cu promptitudine \u0219i profesionalism nevoilor clien\u021bilor s\u0103i, reprezint\u0103 o prioritate pentru DUNAV Srl.<\/p><p>\u00a0<\/p><p>Compania \u00ee\u0219i asum\u0103 cu seriozitate valorile sale de baz\u0103, iar acestea sunt reflectate \u00een fiecare proiect pe care \u00eel abordeaz\u0103. \u00cen plus, DUNAV Srl este o companie responsabil\u0103 \u0219i implicat\u0103 \u00een comunitatea local\u0103, fiind preocupat\u0103 de protejarea mediului \u00eenconjur\u0103tor \u0219i sprijinind diverse proiecte sociale \u0219i culturale.<\/p>\t\t\t\t\t\t<\/div>\n\t\t\t\t<\/div>\n\t\t\t\t\t<\/div>\n\t\t<\/div>\n\t\t\t\t<div class=\"elementor-column elementor-col-50 elementor-top-column elementor-element elementor-element-7464e2a3\" data-id=\"7464e2a3\" data-element_type=\"column\">\n\t\t\t<div class=\"elementor-widget-wrap elementor-element-populated\">\n\t\t\t\t\t\t<div class=\"elementor-element elementor-element-5f9ecbe1 animated-slow elementor-invisible elementor-widget elementor-widget-image\" data-id=\"5f9ecbe1\" data-element_type=\"widget\" data-settings=\"{&quot;_animation&quot;:&quot;fadeInRight&quot;}\" data-widget_type=\"image.default\">\n\t\t\t\t<div class=\"elementor-widget-container\">\n\t\t\t<style>\/*! elementor - v3.20.0 - 26-03-2024 *\/\n.elementor-widget-image{text-align:center}.elementor-widget-image a{display:inline-block}.elementor-widget-image a img[src$=\".svg\"]{width:48px}.elementor-widget-image img{vertical-align:middle;display:inline-block}<\/style>\t\t\t\t\t\t\t\t\t\t<img fetchpriority=\"high\" decoding=\"async\" width=\"2016\" height=\"1512\" src=\"https:\/\/dunav.ro\/wp-content\/uploads\/2023\/04\/25.jpg\" class=\"attachment-full size-full wp-image-441\" alt=\"\" srcset=\"https:\/\/dunav.ro\/wp-content\/uploads\/2023\/04\/25.jpg 2016w, https:\/\/dunav.ro\/wp-content\/uploads\/2023\/04\/25-300x225.jpg 300w, https:\/\/dunav.ro\/wp-content\/uploads\/2023\/04\/25-1024x768.jpg 1024w, https:\/\/dunav.ro\/wp-content\/uploads\/2023\/04\/25-768x576.jpg 768w, https:\/\/dunav.ro\/wp-content\/uploads\/2023\/04\/25-1536x1152.jpg 1536w\" sizes=\"(max-width: 2016px) 100vw, 2016px\" \/>\t\t\t\t\t\t\t\t\t\t\t\t\t<\/div>\n\t\t\t\t<\/div>\n\t\t\t\t\t<\/div>\n\t\t<\/div>\n\t\t\t\t\t<\/div>\n\t\t<\/section>\n\t\t\t\t<section class=\"elementor-section elementor-top-section elementor-element elementor-element-b97882e elementor-section-full_width elementor-section-height-default elementor-section-height-default\" data-id=\"b97882e\" data-element_type=\"section\" data-settings=\"{&quot;background_background&quot;:&quot;slideshow&quot;,&quot;background_slideshow_gallery&quot;:[{&quot;id&quot;:453,&quot;url&quot;:&quot;https:\\\/\\\/dunav.ro\\\/wp-content\\\/uploads\\\/2023\\\/04\\\/20.jpg&quot;},{&quot;id&quot;:454,&quot;url&quot;:&quot;https:\\\/\\\/dunav.ro\\\/wp-content\\\/uploads\\\/2023\\\/04\\\/9.jpg&quot;},{&quot;id&quot;:455,&quot;url&quot;:&quot;https:\\\/\\\/dunav.ro\\\/wp-content\\\/uploads\\\/2023\\\/04\\\/19.jpg&quot;}],&quot;background_slideshow_ken_burns&quot;:&quot;yes&quot;,&quot;background_slideshow_loop&quot;:&quot;yes&quot;,&quot;background_slideshow_slide_duration&quot;:5000,&quot;background_slideshow_slide_transition&quot;:&quot;fade&quot;,&quot;background_slideshow_transition_duration&quot;:500,&quot;background_slideshow_ken_burns_zoom_direction&quot;:&quot;in&quot;}\">\n\t\t\t\t\t\t\t<div class=\"elementor-background-overlay\"><\/div>\n\t\t\t\t\t\t\t<div class=\"elementor-container elementor-column-gap-default\">\n\t\t\t\t\t<div class=\"elementor-column elementor-col-100 elementor-top-column elementor-element elementor-element-4f2556b elementor-invisible\" data-id=\"4f2556b\" data-element_type=\"column\" data-settings=\"{&quot;animation&quot;:&quot;zoomIn&quot;}\">\n\t\t\t<div class=\"elementor-widget-wrap elementor-element-populated\">\n\t\t\t\t\t\t<div class=\"elementor-element elementor-element-6797e72 elementor-widget__width-initial elementor-widget elementor-widget-heading\" data-id=\"6797e72\" data-element_type=\"widget\" data-widget_type=\"heading.default\">\n\t\t\t\t<div class=\"elementor-widget-container\">\n\t\t\t<h2 class=\"elementor-heading-title elementor-size-default\">CAPACITATI DE PRODUCTIE <\/h2>\t\t<\/div>\n\t\t\t\t<\/div>\n\t\t\t\t<div class=\"elementor-element elementor-element-b02b4de elementor-widget elementor-widget-text-editor\" data-id=\"b02b4de\" data-element_type=\"widget\" data-widget_type=\"text-editor.default\">\n\t\t\t\t<div class=\"elementor-widget-container\">\n\t\t\t\t\t\t\t<p>Personal calificat si autorizat pentru toate activitatile navale:electronica si radionavigatie, electrica, mecanica, tubulatura, tamplarie.<\/p>\t\t\t\t\t\t<\/div>\n\t\t\t\t<\/div>\n\t\t\t\t\t<\/div>\n\t\t<\/div>\n\t\t\t\t\t<\/div>\n\t\t<\/section>\n\t\t\t\t<section class=\"elementor-section elementor-top-section elementor-element elementor-element-9847f86 elementor-section-boxed elementor-section-height-default elementor-section-height-default\" data-id=\"9847f86\" data-element_type=\"section\">\n\t\t\t\t\t\t<div class=\"elementor-container elementor-column-gap-default\">\n\t\t\t\t\t<div class=\"elementor-column elementor-col-50 elementor-top-column elementor-element elementor-element-e451a0c elementor-invisible\" data-id=\"e451a0c\" data-element_type=\"column\" data-settings=\"{&quot;animation&quot;:&quot;fadeInLeft&quot;}\">\n\t\t\t<div class=\"elementor-widget-wrap elementor-element-populated\">\n\t\t\t\t\t\t<div class=\"elementor-element elementor-element-eca17b0 elementor-widget__width-initial elementor-widget elementor-widget-text-editor\" data-id=\"eca17b0\" data-element_type=\"widget\" data-widget_type=\"text-editor.default\">\n\t\t\t\t<div class=\"elementor-widget-container\">\n\t\t\t\t\t\t\t<h3><span style=\"color: #7f8a99;\"><b>\u00a0\u2192 Dane de reparatii in portul Braila:<\/b><\/span><\/h3><ul><li>doc plutitor cu capacitate de ridicare de 1200 tone si suprafata utila punte 84m*20m<\/li><li>doc plutitor cu capacitate de ridicare de 500 tone<\/li><li>pompe de hidrosablare cu presiune maxima 2500bari<\/li><li>macarale plutitoare si automacara 40Tf<\/li><li>remorcher pentru manevra<\/li><\/ul><div>\u00a0<\/div><h3><span style=\"color: #7f8a99;\">\u00a0 <b>\u00a0\u2192 Hala constructii metalice dotata cu:<\/b><\/span><\/h3><ul><li>masina debitat tabla CNC cu plasma si oxigaz<\/li><li>echipamente de sudura performante WIG, MIG\/MAG<\/li><li>abkant CNC capacitate 300Tf si ghilotina hidraulica CNC<\/li><li>3 valturi pentru roluit tabla pana la 60mm si valt profile<\/li><li>4 prese hidraulice de la 40 pana la 800 Tf<\/li><li>instalatie de sablare uscata cu alice<\/li><li>instalatie de detensionare prin vibratii<\/li><\/ul><div>\u00a0<\/div><h3><span style=\"color: #7f8a99;\">\u00a0 \u00a0<b>\u2192 Atelier prelucrare prin aschiere dotat cu toate dimensiunile de masini:<\/b><\/span><\/h3><ul><li>strunguri paralele pana la 10m lungime<\/li><li>strunguri carusel 1400 si 2200mm<\/li><li>strunguri CNC si centru vertical prelucrare<\/li><li>borwerg AF85, AF100<\/li><li>morteza<\/li><li>3 masini danturat pana la 1200mm<\/li><li>masina rectificat rotund si plan<\/li><li>masina gaurit in coordonate<\/li><li>cuptor tratament termic<\/li><li>masina de echilibrat dinamic<\/li><\/ul><div>\u00a0<\/div><h3><span style=\"color: #7f8a99;\">\u00a0 <b>\u00a0\u2192 <\/b><strong>Sectie vulcanizat caucic\u00a0<\/strong><\/span><\/h3><h3><span style=\"color: #7f8a99;\"><strong>\u00a0 \u00a0\u2192 Sectie confectie mobilier naval si tamplarie PVC<\/strong><\/span><\/h3>\t\t\t\t\t\t<\/div>\n\t\t\t\t<\/div>\n\t\t\t\t\t<\/div>\n\t\t<\/div>\n\t\t\t\t<div class=\"elementor-column elementor-col-50 elementor-top-column elementor-element elementor-element-2ef73fd\" data-id=\"2ef73fd\" data-element_type=\"column\">\n\t\t\t<div class=\"elementor-widget-wrap elementor-element-populated\">\n\t\t\t\t\t\t<div class=\"elementor-element elementor-element-9719354 elementor-invisible elementor-widget elementor-widget-image\" data-id=\"9719354\" data-element_type=\"widget\" data-settings=\"{&quot;_animation&quot;:&quot;fadeInRight&quot;}\" data-widget_type=\"image.default\">\n\t\t\t\t<div class=\"elementor-widget-container\">\n\t\t\t\t\t\t\t\t\t\t\t\t\t<img decoding=\"async\" width=\"768\" height=\"1024\" src=\"https:\/\/dunav.ro\/wp-content\/uploads\/2023\/04\/11-768x1024.jpg\" class=\"attachment-large size-large wp-image-459\" alt=\"\" srcset=\"https:\/\/dunav.ro\/wp-content\/uploads\/2023\/04\/11-768x1024.jpg 768w, https:\/\/dunav.ro\/wp-content\/uploads\/2023\/04\/11-225x300.jpg 225w, https:\/\/dunav.ro\/wp-content\/uploads\/2023\/04\/11-1152x1536.jpg 1152w, https:\/\/dunav.ro\/wp-content\/uploads\/2023\/04\/11.jpg 1512w\" sizes=\"(max-width: 768px) 100vw, 768px\" \/>\t\t\t\t\t\t\t\t\t\t\t\t\t<\/div>\n\t\t\t\t<\/div>\n\t\t\t\t<div class=\"elementor-element elementor-element-2540782 elementor-invisible elementor-widget elementor-widget-image\" data-id=\"2540782\" data-element_type=\"widget\" data-settings=\"{&quot;_animation&quot;:&quot;fadeInRight&quot;}\" data-widget_type=\"image.default\">\n\t\t\t\t<div class=\"elementor-widget-container\">\n\t\t\t\t\t\t\t\t\t\t\t\t\t<img decoding=\"async\" width=\"800\" height=\"969\" src=\"https:\/\/dunav.ro\/wp-content\/uploads\/2023\/04\/63-845x1024.jpg\" class=\"attachment-large size-large wp-image-460\" alt=\"\" srcset=\"https:\/\/dunav.ro\/wp-content\/uploads\/2023\/04\/63-845x1024.jpg 845w, https:\/\/dunav.ro\/wp-content\/uploads\/2023\/04\/63-248x300.jpg 248w, https:\/\/dunav.ro\/wp-content\/uploads\/2023\/04\/63-768x930.jpg 768w, https:\/\/dunav.ro\/wp-content\/uploads\/2023\/04\/63.jpg 1248w\" sizes=\"(max-width: 800px) 100vw, 800px\" \/>\t\t\t\t\t\t\t\t\t\t\t\t\t<\/div>\n\t\t\t\t<\/div>\n\t\t\t\t\t<\/div>\n\t\t<\/div>\n\t\t\t\t\t<\/div>\n\t\t<\/section>\n\t\t\t\t<\/div>\n\t\t","protected":false},"excerpt":{"rendered":"<p>DUNAV Despre noi Fondat\u0103 \u00een anul 1994, DUNAV Srl este o companie cu capital integral privat, ce activeaz\u0103 \u00een domeniul constructiilor de nave si structuri plutitoare. \u00cen decursul anilor, compania \u0219i-a concentrat aten\u021bia asupra investi\u021biilor continue \u00een tehnologie, ceea ce a dus la o dezvoltare semnificativ\u0103 a capacit\u0103\u021bilor sale tehnice. Ast\u0103zi, DUNAV Srl se bucur\u0103 [&hellip;]<\/p>\n","protected":false},"author":1,"featured_media":0,"parent":0,"menu_order":0,"comment_status":"closed","ping_status":"closed","template":"elementor_header_footer","meta":{"footnotes":""},"class_list":["post-107","page","type-page","status-publish","hentry"],"lang":"ro","translations":{"ro":107,"en":657},"pll_sync_post":[],"_links":{"self":[{"href":"https:\/\/dunav.ro\/index.php?rest_route=\/wp\/v2\/pages\/107","targetHints":{"allow":["GET"]}}],"collection":[{"href":"https:\/\/dunav.ro\/index.php?rest_route=\/wp\/v2\/pages"}],"about":[{"href":"https:\/\/dunav.ro\/index.php?rest_route=\/wp\/v2\/types\/page"}],"author":[{"embeddable":true,"href":"https:\/\/dunav.ro\/index.php?rest_route=\/wp\/v2\/users\/1"}],"replies":[{"embeddable":true,"href":"https:\/\/dunav.ro\/index.php?rest_route=%2Fwp%2Fv2%2Fcomments&post=107"}],"version-history":[{"count":84,"href":"https:\/\/dunav.ro\/index.php?rest_route=\/wp\/v2\/pages\/107\/revisions"}],"predecessor-version":[{"id":568,"href":"https:\/\/dunav.ro\/index.php?rest_route=\/wp\/v2\/pages\/107\/revisions\/568"}],"wp:attachment":[{"href":"https:\/\/dunav.ro\/index.php?rest_route=%2Fwp%2Fv2%2Fmedia&parent=107"}],"curies":[{"name":"wp","href":"https:\/\/api.w.org\/{rel}","templated":true}]}}